{"id":5865,"date":"2021-01-26T12:05:04","date_gmt":"2021-01-26T12:05:04","guid":{"rendered":"http:\/\/santo-cristo.com\/culto-do-senhor-santo-cristo-madre-teresa-da-anunciada\/"},"modified":"2021-03-12T15:20:04","modified_gmt":"2021-03-12T15:20:04","slug":"culto-do-senhor-santo-cristo-madre-teresa-da-anunciada","status":"publish","type":"page","link":"https:\/\/santo-cristo.com\/en\/culto-do-senhor-santo-cristo-madre-teresa-da-anunciada\/","title":{"rendered":"Cult of Senhor Santo Cristo &#8211; Mother Teresa da Anunciada"},"content":{"rendered":"<style type=\"text\/css\"> \n#cmsmasters_row_69e03446003a91_54678961 { \n\tbackground-image: url(https:\/\/santo-cristo.com\/wp-content\/uploads\/2021\/03\/Sem-Titulo-Joao-Gomes-scaled.jpg); \n\tbackground-position: top center; \n\tbackground-repeat: no-repeat; \n\tbackground-attachment: fixed; \n\tbackground-size: cover; \n} \n\n#cmsmasters_row_69e03446003a91_54678961 .cmsmasters_row_outer_parent { \n\tpadding-top: 250px; \n} \n\n#cmsmasters_row_69e03446003a91_54678961 .cmsmasters_row_outer_parent { \n\tpadding-bottom: 250px; \n} \n\n \n#cmsmasters_heading_69e03446010871_54381999 { \n\ttext-align:center; \n\tmargin-top:0px; \n\tmargin-bottom:40px; \n} \n\n#cmsmasters_heading_69e03446010871_54381999 .cmsmasters_heading { \n\ttext-align:center; \n} \n\n#cmsmasters_heading_69e03446010871_54381999 .cmsmasters_heading, #cmsmasters_heading_69e03446010871_54381999 .cmsmasters_heading a { \n\tfont-size:48px; \n\tline-height:56px; \n\tfont-weight:700; \n\tfont-style:normal; \n\tcolor:#ffffff;\n} \n\n#cmsmasters_heading_69e03446010871_54381999 .cmsmasters_heading_divider { \n} \n\n \n#cmsmasters_row_69e03446010bc9_30661107 { \n\tbackground-color:#424555;\n} \n\n#cmsmasters_row_69e03446010bc9_30661107 .cmsmasters_row_outer_parent { \n\tpadding-top: 0px; \n} \n\n#cmsmasters_row_69e03446010bc9_30661107 .cmsmasters_row_outer_parent { \n\tpadding-bottom: 50px; \n} \n\n \n#cmsmasters_heading_69e03446011425_47351811 { \n\ttext-align:center; \n\tmargin-top:0px; \n\tmargin-bottom:20px; \n} \n\n#cmsmasters_heading_69e03446011425_47351811 .cmsmasters_heading { \n\ttext-align:center; \n} \n\n#cmsmasters_heading_69e03446011425_47351811 .cmsmasters_heading, #cmsmasters_heading_69e03446011425_47351811 .cmsmasters_heading a { \n\tfont-weight:normal; \n\tfont-style:normal; \n\tcolor:#ffffff;\n} \n\n#cmsmasters_heading_69e03446011425_47351811 .cmsmasters_heading_divider { \n} \n\n \n#cmsmasters_row_69e03446011683_15916698 { \n\tbackground-color:#424555;\n} \n\n#cmsmasters_row_69e03446011683_15916698 .cmsmasters_row_outer_parent { \n\tpadding-top: 110px; \n} \n\n#cmsmasters_row_69e03446011683_15916698 .cmsmasters_row_outer_parent { \n\tpadding-bottom: 40px; \n} \n\n<\/style><div id=\"cmsmasters_row_69e03446003a91_54678961\" class=\"cmsmasters_row cmsmasters_color_scheme_first bg-transparent cmsmasters_row_top_default cmsmasters_row_bot_default cmsmasters_row_boxed\">\n<div class=\"cmsmasters_row_outer_parent\">\n<div class=\"cmsmasters_row_outer\">\n<div class=\"cmsmasters_row_inner\">\n<div class=\"cmsmasters_row_margin\">\n<div class=\"cmsmasters_column one_fourth\">\n<\/div>\n<div class=\"cmsmasters_column one_half\">\n\n<div id=\"cmsmasters_heading_69e03446010871_54381999\" class=\"cmsmasters_heading_wrap cmsmasters_heading_align_center\">\n\t<h1 class=\"cmsmasters_heading\">Cult of Senhor Santo Cristo dos Milagres<\/h1>\n<\/div>\n<\/div>\n<div class=\"cmsmasters_column one_fourth\">\n<\/div>\n<\/div>\n<\/div>\n<\/div>\n<\/div>\n<\/div>\n<div id=\"cmsmasters_row_69e03446010bc9_30661107\" class=\"cmsmasters_row cmsmasters_color_scheme_default titulo cmsmasters_row_top_default cmsmasters_row_bot_default cmsmasters_row_boxed\">\n<div class=\"cmsmasters_row_outer_parent\">\n<div class=\"cmsmasters_row_outer\">\n<div class=\"cmsmasters_row_inner\">\n<div class=\"cmsmasters_row_margin\">\n<div class=\"cmsmasters_column one_first\">\n\n<div id=\"cmsmasters_heading_69e03446011425_47351811\" class=\"cmsmasters_heading_wrap cmsmasters_heading_align_center\">\n\t<h1 class=\"cmsmasters_heading\">Mother Teresa da Anunciada<\/h1>\n<\/div>\n<\/div>\n<\/div>\n<\/div>\n<\/div>\n<\/div>\n<\/div>\n<div id=\"cmsmasters_row_69e03446011683_15916698\" class=\"cmsmasters_row cmsmasters_color_scheme_default cmsmasters_row_top_default cmsmasters_row_bot_default cmsmasters_row_boxed\">\n<div class=\"cmsmasters_row_outer_parent\">\n<div class=\"cmsmasters_row_outer\">\n<div class=\"cmsmasters_row_inner\">\n<div class=\"cmsmasters_row_margin\">\n<div class=\"cmsmasters_column one_half\">\n<div class=\"cmsmasters_text\">\n<p>Mother Teresa da Anunciada was born and baptized on November 25, 1658, in the parish of S\u00e3o Pedro, then Vila da Ribeira Grande, on the island of S\u00e3o Miguel.<\/p>\n<p>She entered the Esperan\u00e7a Convent, where she began her novitiate on November 19, 1681, and took solemn vows on July 23, 1683.<\/p>\n<p>She died, with a holiness reputation, on May 16, 1738.<\/p>\n<p>The prelate of the Diocese of Angra started the legal process on the Life and Virtues of Mother Teresa, on May 5, 1738. In that same year, on August 6, the Provincial of the Franciscans in the Azores started the legal process of Life and Virtues of Mother Teresa, made by the Order of S\u00e3o Francisco.<\/p>\n<p>A few years ago, a petition circulated among the Azorean population, addressed to the Holy Father, with the following content:<\/p>\n<p><em>\u201cThe People of the Azores have a great love and devotion to Senhor Santo Cristo dos Milagres. Love and devotion that went far beyond the borders of the Region, in all the countries of the Azorean diaspora festivities are celebrated in honor of Senhor Santo Cristo and there are many thousands who, from almost all over the world, travel every year, on pilgrimage of supplication or giving thanks to the Lord.<\/em><br \/>\n<em>It all started with a clarissa nun, Mother Teresa da Anunciada who, in the silence of the convent, received a special appeal to honor and relieve the Lord in His Flagellation represented in the image of Ecce Homo.<\/em><br \/>\n<em>Since 1700, above all, the cult of Senhor Santo Cristo dos Milagres has become so great that, since then, it never slowed down. Graces and miracles have been a constant. Mother Teresa da Anunciada was an instrument to help remind us that God is in solidarity with his people.<\/em><\/p>\n<p><em>A nun of austere and intrepid life in her faith, through intense prayer, for her love for Jesus and the Eucharist and for her devotion to Holy Mary, she is seen as a model of holiness and considered the great intercessor with the Lord she loved so much.<\/em><br \/>\n<em>For this reason, I add my voice to that of many priests and faithful, imploring Your Holiness to be granted the \u201cnihil obstat\u201d for the organization of the Beatification Process of the Servant of God in order to be elevated to the honor of the altars, so I hope<\/em>\u201d.<\/p>\n<p>Mother Teresa&#8217;s remains are preserved in a small urn that is kept in the Chapel of Senhor Santo Cristo, in the Esperan\u00e7a Monastery.<br \/>\nAt the end of the 19th century, or the beginning of the last century, one of the bishops of Angra ordered the box to be opened, which is still preserved in the low choir of the Esperan\u00e7a Convent, which contains the mortal remains of Mother Teresa da Anunciada.<br \/>\nWith the cover removed, a magnificent and inexplicable aroma evolved. Someone, more demanding, may not want to accept the fact. What is certain, however, is that from Mother Teresa&#8217;s life a perfume resists all the inconsequence of men, all the deviations of some devotees, certainly sincere, but poorly clarified.<br \/>\nTeresa de Jesus&#8217; father (later Teresa da Anunciada) was Jer\u00f3nimo Ledo de Paiva, born in Ribeira Seca da Ribeira Grande, in July 1601. His mother was Maria do Rego Quintanilha, baptized in the parish of S. Jorge, in Nordeste, on August 11, 1614.<\/p>\n<p>The prolonged illness of Jer\u00f3nimo Ledo de Paiva, which ended up victimizing him, on Friday, January 24, 1666, was the great disgrace that befell the family of thirteen children, Teresa being the youngest. It was her sister, Joana de Santo Ant\u00f3nio, who did the impossible until she managed to get Teresa de Jesus to enter the Convent of Nossa Senhora da Esperan\u00e7a.<\/p>\n<\/div>\n<\/div>\n<div class=\"cmsmasters_column one_half\">\n<div class=\"cmsmasters_text\">\n<p>When Teresa reached the age of learning to read, it happened that her brother returned from Brazil, Friar Sim\u00e3o do Ros\u00e1rio, to rest for a few months and recover from the strenuous missions in the Brazilian hinterland. He taught the younger sisters how to read and Teresa was delighted to read about the lives of saints, especially the Meditations of Saint Brigid.<br \/>\nWhen the day of Teresa&#8217;s profession came, the entrance procession, which was organized with a light accompaniment, left the Church of Nossa Senhora da Concei\u00e7\u00e3o, from the Franciscanos Convent, to that Convent of Nossa Senhora da Esperan\u00e7a. The figure of Teresa de Jesus stood out, who was already confirmed with the name that should celebrate her: Teresa da Anunciada.<br \/>\nThe family, the guests and the musical group, accompanied by a joyful ringing of bells from the towers of several surrounding churches, celebrated the event.<br \/>\nWhen Teresa entered the Esperan\u00e7a Monastery, there was in the low choir, on one side, on a small altar, an image of the Lord, in the passage of Ecce Homo, which had a register covering the opening of the chest, as it had once served as a tabernacle. At the request of her sister, Joana de Santo Ant\u00f3nio, Teresa got a new altar for the Image that she was incarnating. She asked Mother Jer\u00f3nima do Sacramento, from the Santo Andr\u00e9 Convent of Ponta Delgada, to make a cane of silk flowers, to decorate the Lord when he returned to his new altar.<br \/>\nThe Image of Senhor Santo Cristo was on its new altar, but the ceiling of the choir was formed by the floor of the higher choir which, in addition to being old, had many cracks that allowed the dust to pass through, in addition to the noise that was felt when walking in the higher choir. Teresa arranged for a chapel to be built and, at her request, D. Pedro II, by permit of September 2, 1700, granted a fee of twelve thousand r\u00e9is, to keep, day and night, an oil lamp in front of the altar of the Senhor Santo Cristo.<br \/>\nNone of these chapels has reached our day, but a third has, built later, which was blessed on March 22, 1771.<\/p>\n<p>It was at that time that Mother Teresa da Anunciada wished the Image of the Lord to go out in procession, passing through all the churches and convents of the city.<br \/>\nThrough the count of Ribeira Grande, she obtained a license from the prelate, D. Frei Ant\u00f3nio de P\u00e1dua, and the first procession of Senhor Santo Cristo took place on April 11, 1700, according to the investigator Urbano de Mendon\u00e7a Dias. (The most recent researcher, Luciano Mota Vieira, invoked research that led the first procession back to 1698. The procession was repeated in April 1700 and it was this date that is pointed out as being that of the first procession).<br \/>\nThe devotion to this procession was such that it never failed to happen, except once or twice, due to bad weather. It is the oldest devotion that takes place in Portuguese lands.<br \/>\nMother Teresa seems to have had no old age; such is the energy that she maintained until the end of her life. The last illness took her quickly. The fasts, the cilices, the penances and a bed made with a straw pallet on branches, never took away her strength from her body and have strengthened her soul.<br \/>\nThe illness that victimized her was not long. She foresaw the death that arrived at dawn on Friday, May 16, 1738. Teresa was going to turn 80 the following year. The devotion that Teresa da Anunciada felt so intensely for Christ in the footsteps of Ecce Homo has been giving, through the centuries, new resonances to the worship of the Lord, to the point that it has reached our day, with a notable influence on the spirituality of our People.<\/p>\n<p>On May 16, 1954, a commemorative tombstone was placed in the house where Mother Teresa was born, located at Rua do Torninho, in Ribeira Seca.<br \/>\nOn May 12, 1963, a bust of Mother Teresa, by sculptor Num\u00eddico Bessone, was inaugurated next to the church of Ribeira Seca.<br \/>\nIn December 1992, Mother Teresa da Anunciada was officially appointed as patron of the elementary school of Ribeira Seca.<br \/>\nThe large statue of Mother Teresa, next to the Sanctuary of Senhor Santo Cristo dos Milagres, in Ponta Delgada, was inaugurated on May 26, 1984.<\/p>\n<\/div>\n<\/div>\n<\/div>\n<\/div>\n<\/div>\n<\/div>\n<\/div>\n\n","protected":false},"excerpt":{"rendered":"","protected":false},"author":1,"featured_media":0,"parent":0,"menu_order":0,"comment_status":"closed","ping_status":"closed","template":"","meta":[],"yoast_head":"<!-- This site is optimized with the Yoast SEO plugin v15.5 - https:\/\/yoast.com\/wordpress\/plugins\/seo\/ -->\n<title>Cult of Senhor Santo Cristo - Mother Teresa da Anunciada - Irmandade do Senhor Santo Cristo<\/title>\n<meta name=\"robots\" content=\"index, follow, max-snippet:-1, max-image-preview:large, max-video-preview:-1\" \/>\n<link rel=\"canonical\" href=\"https:\/\/santo-cristo.com\/en\/culto-do-senhor-santo-cristo-madre-teresa-da-anunciada\/\" \/>\n<meta property=\"og:locale\" content=\"en_US\" \/>\n<meta property=\"og:type\" content=\"article\" \/>\n<meta property=\"og:title\" content=\"Cult of Senhor Santo Cristo - Mother Teresa da Anunciada - Irmandade do Senhor Santo Cristo\" \/>\n<meta property=\"og:url\" content=\"https:\/\/santo-cristo.com\/en\/culto-do-senhor-santo-cristo-madre-teresa-da-anunciada\/\" \/>\n<meta property=\"og:site_name\" content=\"Irmandade do Senhor Santo Cristo\" \/>\n<meta property=\"article:modified_time\" content=\"2021-03-12T15:20:04+00:00\" \/>\n<meta name=\"twitter:card\" content=\"summary_large_image\" \/>\n<meta name=\"twitter:label1\" content=\"Est. reading time\">\n\t<meta name=\"twitter:data1\" content=\"6 minutes\">\n<script type=\"application\/ld+json\" class=\"yoast-schema-graph\">{\"@context\":\"https:\/\/schema.org\",\"@graph\":[{\"@type\":\"WebSite\",\"@id\":\"https:\/\/santo-cristo.com\/#website\",\"url\":\"https:\/\/santo-cristo.com\/\",\"name\":\"Irmandade do Senhor Santo Cristo\",\"description\":\"Grupo de fi\\u00e9is que venera o Senhor Santo Cristo dos Milagres. A\\u00e7ores, Ilha de S\\u00e3o Miguel.\",\"potentialAction\":[{\"@type\":\"SearchAction\",\"target\":\"https:\/\/santo-cristo.com\/?s={search_term_string}\",\"query-input\":\"required name=search_term_string\"}],\"inLanguage\":\"en-US\"},{\"@type\":\"WebPage\",\"@id\":\"https:\/\/santo-cristo.com\/en\/culto-do-senhor-santo-cristo-madre-teresa-da-anunciada\/#webpage\",\"url\":\"https:\/\/santo-cristo.com\/en\/culto-do-senhor-santo-cristo-madre-teresa-da-anunciada\/\",\"name\":\"Cult of Senhor Santo Cristo - Mother Teresa da Anunciada - Irmandade do Senhor Santo Cristo\",\"isPartOf\":{\"@id\":\"https:\/\/santo-cristo.com\/#website\"},\"datePublished\":\"2021-01-26T12:05:04+00:00\",\"dateModified\":\"2021-03-12T15:20:04+00:00\",\"inLanguage\":\"en-US\",\"potentialAction\":[{\"@type\":\"ReadAction\",\"target\":[\"https:\/\/santo-cristo.com\/en\/culto-do-senhor-santo-cristo-madre-teresa-da-anunciada\/\"]}]}]}<\/script>\n<!-- \/ Yoast SEO plugin. -->","_links":{"self":[{"href":"https:\/\/santo-cristo.com\/en\/wp-json\/wp\/v2\/pages\/5865"}],"collection":[{"href":"https:\/\/santo-cristo.com\/en\/wp-json\/wp\/v2\/pages"}],"about":[{"href":"https:\/\/santo-cristo.com\/en\/wp-json\/wp\/v2\/types\/page"}],"author":[{"embeddable":true,"href":"https:\/\/santo-cristo.com\/en\/wp-json\/wp\/v2\/users\/1"}],"replies":[{"embeddable":true,"href":"https:\/\/santo-cristo.com\/en\/wp-json\/wp\/v2\/comments?post=5865"}],"version-history":[{"count":2,"href":"https:\/\/santo-cristo.com\/en\/wp-json\/wp\/v2\/pages\/5865\/revisions"}],"predecessor-version":[{"id":5867,"href":"https:\/\/santo-cristo.com\/en\/wp-json\/wp\/v2\/pages\/5865\/revisions\/5867"}],"wp:attachment":[{"href":"https:\/\/santo-cristo.com\/en\/wp-json\/wp\/v2\/media?parent=5865"}],"curies":[{"name":"wp","href":"https:\/\/api.w.org\/{rel}","templated":true}]}}