{"id":5858,"date":"2006-06-15T14:15:41","date_gmt":"2006-06-15T14:15:41","guid":{"rendered":"http:\/\/santo-cristo.com\/culto-do-senhor-santo-cristo-historia\/"},"modified":"2021-03-12T15:11:40","modified_gmt":"2021-03-12T15:11:40","slug":"culto-do-senhor-santo-cristo-historia","status":"publish","type":"page","link":"https:\/\/santo-cristo.com\/en\/culto-do-senhor-santo-cristo-historia\/","title":{"rendered":"Cult of Senhor Santo Cristo dos Milagres &#8211; History"},"content":{"rendered":"<style type=\"text\/css\"> \n#cmsmasters_row_69f47258a7bcf3_18049796 { \n\tbackground-image: url(https:\/\/santo-cristo.com\/wp-content\/uploads\/2021\/03\/Sem-Titulo3-Eduardo-Costa.jpg); \n\tbackground-position: top center; \n\tbackground-repeat: no-repeat; \n\tbackground-attachment: fixed; \n\tbackground-size: cover; \n} \n\n#cmsmasters_row_69f47258a7bcf3_18049796 .cmsmasters_row_outer_parent { \n\tpadding-top: 250px; \n} \n\n#cmsmasters_row_69f47258a7bcf3_18049796 .cmsmasters_row_outer_parent { \n\tpadding-bottom: 250px; \n} \n\n \n#cmsmasters_heading_69f47258a89751_66942405 { \n\ttext-align:center; \n\tmargin-top:0px; \n\tmargin-bottom:40px; \n} \n\n#cmsmasters_heading_69f47258a89751_66942405 .cmsmasters_heading { \n\ttext-align:center; \n} \n\n#cmsmasters_heading_69f47258a89751_66942405 .cmsmasters_heading, #cmsmasters_heading_69f47258a89751_66942405 .cmsmasters_heading a { \n\tfont-size:48px; \n\tline-height:56px; \n\tfont-weight:700; \n\tfont-style:normal; \n\tcolor:#ffffff;\n} \n\n#cmsmasters_heading_69f47258a89751_66942405 .cmsmasters_heading_divider { \n} \n\n \n#cmsmasters_row_69f47258a89b69_36699317 { \n\tbackground-color:#424555;\n} \n\n#cmsmasters_row_69f47258a89b69_36699317 .cmsmasters_row_outer_parent { \n\tpadding-top: 0px; \n} \n\n#cmsmasters_row_69f47258a89b69_36699317 .cmsmasters_row_outer_parent { \n\tpadding-bottom: 50px; \n} \n\n \n#cmsmasters_heading_69f47258a8a4d7_71331227 { \n\ttext-align:center; \n\tmargin-top:0px; \n\tmargin-bottom:20px; \n} \n\n#cmsmasters_heading_69f47258a8a4d7_71331227 .cmsmasters_heading { \n\ttext-align:center; \n} \n\n#cmsmasters_heading_69f47258a8a4d7_71331227 .cmsmasters_heading, #cmsmasters_heading_69f47258a8a4d7_71331227 .cmsmasters_heading a { \n\tfont-weight:normal; \n\tfont-style:normal; \n\tcolor:#ffffff;\n} \n\n#cmsmasters_heading_69f47258a8a4d7_71331227 .cmsmasters_heading_divider { \n} \n\n \n#cmsmasters_heading_69f47258a8aa86_15070936 { \n\ttext-align:center; \n\tmargin-top:0px; \n\tmargin-bottom:20px; \n} \n\n#cmsmasters_heading_69f47258a8aa86_15070936 .cmsmasters_heading { \n\ttext-align:center; \n} \n\n#cmsmasters_heading_69f47258a8aa86_15070936 .cmsmasters_heading, #cmsmasters_heading_69f47258a8aa86_15070936 .cmsmasters_heading a { \n\tfont-weight:normal; \n\tfont-style:normal; \n\tcolor:#ffffff;\n} \n\n#cmsmasters_heading_69f47258a8aa86_15070936 .cmsmasters_heading_divider { \n} \n\n \n#cmsmasters_row_69f47258a8ac66_96861874 { \n\tbackground-color:#424555;\n} \n\n#cmsmasters_row_69f47258a8ac66_96861874 .cmsmasters_row_outer_parent { \n\tpadding-top: 110px; \n} \n\n#cmsmasters_row_69f47258a8ac66_96861874 .cmsmasters_row_outer_parent { \n\tpadding-bottom: 40px; \n} \n\n<\/style><div id=\"cmsmasters_row_69f47258a7bcf3_18049796\" class=\"cmsmasters_row cmsmasters_color_scheme_first bg-transparent cmsmasters_row_top_default cmsmasters_row_bot_default cmsmasters_row_boxed\">\n<div class=\"cmsmasters_row_outer_parent\">\n<div class=\"cmsmasters_row_outer\">\n<div class=\"cmsmasters_row_inner\">\n<div class=\"cmsmasters_row_margin\">\n<div class=\"cmsmasters_column one_fourth\">\n<\/div>\n<div class=\"cmsmasters_column one_half\">\n\n<div id=\"cmsmasters_heading_69f47258a89751_66942405\" class=\"cmsmasters_heading_wrap cmsmasters_heading_align_center\">\n\t<h1 class=\"cmsmasters_heading\">Cult of Senhor Santo Cristo dos Milagres<\/h1>\n<\/div>\n<\/div>\n<div class=\"cmsmasters_column one_fourth\">\n<\/div>\n<\/div>\n<\/div>\n<\/div>\n<\/div>\n<\/div>\n<div id=\"cmsmasters_row_69f47258a89b69_36699317\" class=\"cmsmasters_row cmsmasters_color_scheme_default titulo cmsmasters_row_top_default cmsmasters_row_bot_default cmsmasters_row_boxed\">\n<div class=\"cmsmasters_row_outer_parent\">\n<div class=\"cmsmasters_row_outer\">\n<div class=\"cmsmasters_row_inner\">\n<div class=\"cmsmasters_row_margin\">\n<div class=\"cmsmasters_column one_first\">\n\n<div id=\"cmsmasters_heading_69f47258a8a4d7_71331227\" class=\"cmsmasters_heading_wrap cmsmasters_heading_align_center\">\n\t<h1 class=\"cmsmasters_heading\">History<\/h1>\n<\/div>\n<div id=\"cmsmasters_heading_69f47258a8aa86_15070936\" class=\"cmsmasters_heading_wrap cmsmasters_heading_align_center\">\n\t<h2 class=\"cmsmasters_heading\">Senhor Santo Cristo dos Milagres<\/h2>\n<\/div>\n<\/div>\n<\/div>\n<\/div>\n<\/div>\n<\/div>\n<\/div>\n<div id=\"cmsmasters_row_69f47258a8ac66_96861874\" class=\"cmsmasters_row cmsmasters_color_scheme_default cmsmasters_row_top_default cmsmasters_row_bot_default cmsmasters_row_boxed\">\n<div class=\"cmsmasters_row_outer_parent\">\n<div class=\"cmsmasters_row_outer\">\n<div class=\"cmsmasters_row_inner\">\n<div class=\"cmsmasters_row_margin\">\n<div class=\"cmsmasters_column one_half\">\n<div class=\"cmsmasters_text\">\n<p>The story of the cult of Senhor Santo Cristo dos Milagres, on the island of S\u00e3o Miguel, begins at the Convent of Caloura, in \u00c1gua de Pau, Lagoa.<\/p>\n<p>It\u2019s said it was in this place that the first convent of religious women, on the island, was built, due to the compassion of Jorge da Mota daughters, from Vila Franca do Campo.<\/p>\n<p>But, for such a religious community to be established as it should, it was necessary for someone to go to Rome, to ask for the respective Apostolic Bull. Two sisters then left S\u00e3o Miguel on the way to the eternal city, where they asked the Pope for the desired document. They performed this mission so well, that the Supreme Pontiff not only granted them the Apostolic Bull, but also offered them an image of \u201cEcce Homo\u201d.<\/p>\n<\/div>\n<\/div>\n<div class=\"cmsmasters_column one_half\">\n<div class=\"cmsmasters_text\">\n<div id=\"bannerR\">\n<div id=\"div-gpt-ad-1474537762122-3\" data-google-query-id=\"CNrwxv6qlu4CFZXA1Qod_BkABA\">\n<div><\/div>\n<div><\/div>\n<div><\/div>\n<div><\/div>\n<div><\/div>\n<div><\/div>\n<div><\/div>\n<div><\/div>\n<div><\/div>\n<div><\/div>\n<div><\/div>\n<div><\/div>\n<div><\/div>\n<div><\/div>\n<div><\/div>\n<div><\/div>\n<div id=\"google_ads_iframe_\/15188745\/Lipsum-Unit4_0__container__\">\n<p>Back to Vale de Caba\u00e7os, the unique image was placed in a niche where it was preserved only for a few years. The reason was because it was deserted and very exposed to pirates\u2019 attacks. The small monastery was deserted, since part of the religious women went to Santo Andr\u00e9, in Vila Franca do Campo, and the other part went to Ponta Delgada, to the Esperan\u00e7a Monastery, just founded by the widow of the Donatory Captain Rui Gon\u00e7alves da C\u00e2mara.<\/p>\n<p>&nbsp;<\/p>\n<p>The image of Senhor Santo Cristo was not forgotten in Vale de Caba\u00e7os, because Mother In\u00eas de Santa Iria, a Galician nun, brought it with her to Ponta Delgada.<\/p>\n<\/div>\n<\/div>\n<\/div>\n<\/div>\n<\/div>\n<\/div>\n<\/div>\n<\/div>\n<\/div>\n<\/div>\n\n","protected":false},"excerpt":{"rendered":"","protected":false},"author":1,"featured_media":0,"parent":0,"menu_order":0,"comment_status":"closed","ping_status":"closed","template":"","meta":[],"yoast_head":"<!-- This site is optimized with the Yoast SEO plugin v15.5 - https:\/\/yoast.com\/wordpress\/plugins\/seo\/ -->\n<title>Cult of Senhor Santo Cristo dos Milagres - History - Irmandade do Senhor Santo Cristo<\/title>\n<meta name=\"robots\" content=\"index, follow, max-snippet:-1, max-image-preview:large, max-video-preview:-1\" \/>\n<link rel=\"canonical\" href=\"https:\/\/santo-cristo.com\/en\/culto-do-senhor-santo-cristo-historia\/\" \/>\n<meta property=\"og:locale\" content=\"en_US\" \/>\n<meta property=\"og:type\" content=\"article\" \/>\n<meta property=\"og:title\" content=\"Cult of Senhor Santo Cristo dos Milagres - History - Irmandade do Senhor Santo Cristo\" \/>\n<meta property=\"og:url\" content=\"https:\/\/santo-cristo.com\/en\/culto-do-senhor-santo-cristo-historia\/\" \/>\n<meta property=\"og:site_name\" content=\"Irmandade do Senhor Santo Cristo\" \/>\n<meta property=\"article:modified_time\" content=\"2021-03-12T15:11:40+00:00\" \/>\n<meta name=\"twitter:card\" content=\"summary_large_image\" \/>\n<meta name=\"twitter:label1\" content=\"Est. reading time\">\n\t<meta name=\"twitter:data1\" content=\"2 minutes\">\n<script type=\"application\/ld+json\" class=\"yoast-schema-graph\">{\"@context\":\"https:\/\/schema.org\",\"@graph\":[{\"@type\":\"WebSite\",\"@id\":\"https:\/\/santo-cristo.com\/#website\",\"url\":\"https:\/\/santo-cristo.com\/\",\"name\":\"Irmandade do Senhor Santo Cristo\",\"description\":\"Grupo de fi\\u00e9is que venera o Senhor Santo Cristo dos Milagres. A\\u00e7ores, Ilha de S\\u00e3o Miguel.\",\"potentialAction\":[{\"@type\":\"SearchAction\",\"target\":\"https:\/\/santo-cristo.com\/?s={search_term_string}\",\"query-input\":\"required name=search_term_string\"}],\"inLanguage\":\"en-US\"},{\"@type\":\"WebPage\",\"@id\":\"https:\/\/santo-cristo.com\/en\/culto-do-senhor-santo-cristo-historia\/#webpage\",\"url\":\"https:\/\/santo-cristo.com\/en\/culto-do-senhor-santo-cristo-historia\/\",\"name\":\"Cult of Senhor Santo Cristo dos Milagres - History - Irmandade do Senhor Santo Cristo\",\"isPartOf\":{\"@id\":\"https:\/\/santo-cristo.com\/#website\"},\"datePublished\":\"2006-06-15T14:15:41+00:00\",\"dateModified\":\"2021-03-12T15:11:40+00:00\",\"inLanguage\":\"en-US\",\"potentialAction\":[{\"@type\":\"ReadAction\",\"target\":[\"https:\/\/santo-cristo.com\/en\/culto-do-senhor-santo-cristo-historia\/\"]}]}]}<\/script>\n<!-- \/ Yoast SEO plugin. -->","_links":{"self":[{"href":"https:\/\/santo-cristo.com\/en\/wp-json\/wp\/v2\/pages\/5858"}],"collection":[{"href":"https:\/\/santo-cristo.com\/en\/wp-json\/wp\/v2\/pages"}],"about":[{"href":"https:\/\/santo-cristo.com\/en\/wp-json\/wp\/v2\/types\/page"}],"author":[{"embeddable":true,"href":"https:\/\/santo-cristo.com\/en\/wp-json\/wp\/v2\/users\/1"}],"replies":[{"embeddable":true,"href":"https:\/\/santo-cristo.com\/en\/wp-json\/wp\/v2\/comments?post=5858"}],"version-history":[{"count":2,"href":"https:\/\/santo-cristo.com\/en\/wp-json\/wp\/v2\/pages\/5858\/revisions"}],"predecessor-version":[{"id":5860,"href":"https:\/\/santo-cristo.com\/en\/wp-json\/wp\/v2\/pages\/5858\/revisions\/5860"}],"wp:attachment":[{"href":"https:\/\/santo-cristo.com\/en\/wp-json\/wp\/v2\/media?parent=5858"}],"curies":[{"name":"wp","href":"https:\/\/api.w.org\/{rel}","templated":true}]}}