{"id":5855,"date":"2021-01-12T16:23:47","date_gmt":"2021-01-12T16:23:47","guid":{"rendered":"http:\/\/santo-cristo.com\/saudacao\/"},"modified":"2021-03-12T15:07:05","modified_gmt":"2021-03-12T15:07:05","slug":"saudacao","status":"publish","type":"page","link":"https:\/\/santo-cristo.com\/en\/saudacao\/","title":{"rendered":"Salutation"},"content":{"rendered":"<style type=\"text\/css\"> \n#cmsmasters_row_69f3d88046aa55_04406856 { \n\tbackground-image: url(https:\/\/santo-cristo.com\/wp-content\/uploads\/2021\/03\/Quad-Marching-Benjamim-Vieira.jpg); \n\tbackground-position: top center; \n\tbackground-repeat: no-repeat; \n\tbackground-attachment: fixed; \n\tbackground-size: cover; \n} \n\n#cmsmasters_row_69f3d88046aa55_04406856 .cmsmasters_row_outer_parent { \n\tpadding-top: 250px; \n} \n\n#cmsmasters_row_69f3d88046aa55_04406856 .cmsmasters_row_outer_parent { \n\tpadding-bottom: 250px; \n} \n\n \n#cmsmasters_heading_69f3d880478db8_20037938 { \n\ttext-align:center; \n\tmargin-top:0px; \n\tmargin-bottom:40px; \n} \n\n#cmsmasters_heading_69f3d880478db8_20037938 .cmsmasters_heading { \n\ttext-align:center; \n} \n\n#cmsmasters_heading_69f3d880478db8_20037938 .cmsmasters_heading, #cmsmasters_heading_69f3d880478db8_20037938 .cmsmasters_heading a { \n\tfont-size:48px; \n\tline-height:56px; \n\tfont-weight:700; \n\tfont-style:normal; \n\tcolor:#ffffff;\n} \n\n#cmsmasters_heading_69f3d880478db8_20037938 .cmsmasters_heading_divider { \n} \n\n \n#cmsmasters_row_69f3d8804790a7_56130364 { \n\tbackground-color:#424555;\n} \n\n#cmsmasters_row_69f3d8804790a7_56130364 .cmsmasters_row_outer_parent { \n\tpadding-top: 0px; \n} \n\n#cmsmasters_row_69f3d8804790a7_56130364 .cmsmasters_row_outer_parent { \n\tpadding-bottom: 50px; \n} \n\n \n#cmsmasters_heading_69f3d8804798d7_62543789 { \n\ttext-align:center; \n\tmargin-top:0px; \n\tmargin-bottom:20px; \n} \n\n#cmsmasters_heading_69f3d8804798d7_62543789 .cmsmasters_heading { \n\ttext-align:center; \n} \n\n#cmsmasters_heading_69f3d8804798d7_62543789 .cmsmasters_heading, #cmsmasters_heading_69f3d8804798d7_62543789 .cmsmasters_heading a { \n\tfont-weight:normal; \n\tfont-style:normal; \n\tcolor:#ffffff;\n} \n\n#cmsmasters_heading_69f3d8804798d7_62543789 .cmsmasters_heading_divider { \n} \n\n \n#cmsmasters_heading_69f3d880479ec8_10629513 { \n\ttext-align:center; \n\tmargin-top:0px; \n\tmargin-bottom:20px; \n} \n\n#cmsmasters_heading_69f3d880479ec8_10629513 .cmsmasters_heading { \n\ttext-align:center; \n} \n\n#cmsmasters_heading_69f3d880479ec8_10629513 .cmsmasters_heading, #cmsmasters_heading_69f3d880479ec8_10629513 .cmsmasters_heading a { \n\tfont-weight:normal; \n\tfont-style:normal; \n\tcolor:#ffffff;\n} \n\n#cmsmasters_heading_69f3d880479ec8_10629513 .cmsmasters_heading_divider { \n} \n\n \n#cmsmasters_row_69f3d88047a083_11508372 { \n\tbackground-color:#424555;\n} \n\n#cmsmasters_row_69f3d88047a083_11508372 .cmsmasters_row_outer_parent { \n\tpadding-top: 110px; \n} \n\n#cmsmasters_row_69f3d88047a083_11508372 .cmsmasters_row_outer_parent { \n\tpadding-bottom: 40px; \n} \n\n \n#cmsmasters_row_69f3d88047b008_81922099 { \n\tbackground-color:#424555;\n} \n\n#cmsmasters_row_69f3d88047b008_81922099 .cmsmasters_row_outer_parent { \n\tpadding-top: 0px; \n} \n\n#cmsmasters_row_69f3d88047b008_81922099 .cmsmasters_row_outer_parent { \n\tpadding-bottom: 50px; \n} \n\n \n#cmsmasters_heading_69f3d88047bb38_98946799 { \n\ttext-align:center; \n\tmargin-top:0px; \n\tmargin-bottom:20px; \n} \n\n#cmsmasters_heading_69f3d88047bb38_98946799 .cmsmasters_heading { \n\ttext-align:center; \n} \n\n#cmsmasters_heading_69f3d88047bb38_98946799 .cmsmasters_heading, #cmsmasters_heading_69f3d88047bb38_98946799 .cmsmasters_heading a { \n\tfont-weight:normal; \n\tfont-style:normal; \n\tcolor:#ffffff;\n} \n\n#cmsmasters_heading_69f3d88047bb38_98946799 .cmsmasters_heading_divider { \n} \n\n \n#cmsmasters_row_69f3d88047cc76_56667304 { \n\tbackground-color:#424555;\n} \n\n#cmsmasters_row_69f3d88047cc76_56667304 .cmsmasters_row_outer_parent { \n\tpadding-top: 110px; \n} \n\n#cmsmasters_row_69f3d88047cc76_56667304 .cmsmasters_row_outer_parent { \n\tpadding-bottom: 40px; \n} \n\n \n#cmsmasters_heading_69f3d88047db26_21767563 { \n\ttext-align:center; \n\tmargin-top:0px; \n\tmargin-bottom:20px; \n} \n\n#cmsmasters_heading_69f3d88047db26_21767563 .cmsmasters_heading { \n\ttext-align:center; \n} \n\n#cmsmasters_heading_69f3d88047db26_21767563 .cmsmasters_heading, #cmsmasters_heading_69f3d88047db26_21767563 .cmsmasters_heading a { \n\tfont-weight:normal; \n\tfont-style:normal; \n\tcolor:#ffffff;\n} \n\n#cmsmasters_heading_69f3d88047db26_21767563 .cmsmasters_heading_divider { \n} \n\n<\/style><div id=\"cmsmasters_row_69f3d88046aa55_04406856\" class=\"cmsmasters_row cmsmasters_color_scheme_first bg-transparent cmsmasters_row_top_default cmsmasters_row_bot_default cmsmasters_row_boxed\">\n<div class=\"cmsmasters_row_outer_parent\">\n<div class=\"cmsmasters_row_outer\">\n<div class=\"cmsmasters_row_inner\">\n<div class=\"cmsmasters_row_margin\">\n<div class=\"cmsmasters_column one_fourth\">\n<\/div>\n<div class=\"cmsmasters_column one_half\">\n\n<div id=\"cmsmasters_heading_69f3d880478db8_20037938\" class=\"cmsmasters_heading_wrap cmsmasters_heading_align_center\">\n\t<h1 class=\"cmsmasters_heading\"> Salutation<\/h1>\n<\/div>\n<\/div>\n<div class=\"cmsmasters_column one_fourth\">\n<\/div>\n<\/div>\n<\/div>\n<\/div>\n<\/div>\n<\/div>\n<div id=\"cmsmasters_row_69f3d8804790a7_56130364\" class=\"cmsmasters_row cmsmasters_color_scheme_default titulo cmsmasters_row_top_default cmsmasters_row_bot_default cmsmasters_row_boxed\">\n<div class=\"cmsmasters_row_outer_parent\">\n<div class=\"cmsmasters_row_outer\">\n<div class=\"cmsmasters_row_inner\">\n<div class=\"cmsmasters_row_margin\">\n<div class=\"cmsmasters_column one_first\">\n\n<div id=\"cmsmasters_heading_69f3d8804798d7_62543789\" class=\"cmsmasters_heading_wrap cmsmasters_heading_align_center\">\n\t<h1 class=\"cmsmasters_heading\"> Salutation<\/h1>\n<\/div>\n<div id=\"cmsmasters_heading_69f3d880479ec8_10629513\" class=\"cmsmasters_heading_wrap cmsmasters_heading_align_center\">\n\t<h2 class=\"cmsmasters_heading\">Provedor of the Irmandade<\/h2>\n<\/div>\n<\/div>\n<\/div>\n<\/div>\n<\/div>\n<\/div>\n<\/div>\n<div id=\"cmsmasters_row_69f3d88047a083_11508372\" class=\"cmsmasters_row cmsmasters_color_scheme_default cmsmasters_row_top_default cmsmasters_row_bot_default cmsmasters_row_boxed\">\n<div class=\"cmsmasters_row_outer_parent\">\n<div class=\"cmsmasters_row_outer\">\n<div class=\"cmsmasters_row_inner\">\n<div class=\"cmsmasters_row_margin\">\n<div class=\"cmsmasters_column one_half\">\n<div class=\"cmsmasters_text\">\n<p>My name is Carlos Faria e Maia and i\u2019m, proudly, the Provedor of the Irmandade, a congregation of faithful, with legal, canonical and civil character.<br \/>\nIts main goal, and also the most known, is the promotion of the Cult of Senhor Santo Cristo dos Milagres, which began in the city of Ponta Delgada, island of S\u00e3o Miguel, Azores, in the distant year of 1700. Since then, every year, the Procession of Senhor Santo Cristo dos Milagres takes place with an ever increasing and constant adhesion of devotees, renewed from year to year and transversal to so many generations of Azoreans. This tricentennial procession is considered to be the largest in Europe and the second largest in the world.<br \/>\nFor those who never had the opportunity to attend, the short video presented on this website gives a general idea of the dimension of the festivities in honor of Senhor Santo Cristo dos Milagres.<\/p>\n<\/div>\n<\/div>\n<div class=\"cmsmasters_column one_half\">\n<div class=\"cmsmasters_text\">\n<div id=\"bannerR\">\n<div id=\"div-gpt-ad-1474537762122-3\" data-google-query-id=\"CNrwxv6qlu4CFZXA1Qod_BkABA\">\n<div><\/div>\n<div><\/div>\n<div><\/div>\n<div><\/div>\n<div><\/div>\n<div><\/div>\n<div><\/div>\n<div><\/div>\n<div><\/div>\n<div><\/div>\n<div><\/div>\n<div><\/div>\n<div><\/div>\n<div><\/div>\n<div><\/div>\n<div><\/div>\n<div id=\"google_ads_iframe_\/15188745\/Lipsum-Unit4_0__container__\">\n<p>I hope that these beautiful images can serve as a stimulus for a next visit to the Azores and to the Sanctuary of Senhor Santo Cristo dos Milagres, thus participating in the acts of the festivities, already being prepared.<br \/>\nIn this space, the Irmandade aims to continue promoting the cult of Senhor Santo Cristo dos Milagres, enhancing the opportunities emerging from the new technologies, and providing, to everyone in the world, information about this secular devotion.<br \/>\nMay the Senhor Santo Cristo dos Milagres enlighten and protect you all.<\/p>\n<\/div>\n<\/div>\n<\/div>\n<\/div>\n<\/div>\n<\/div>\n<\/div>\n<\/div>\n<\/div>\n<\/div>\n<div id=\"cmsmasters_row_69f3d88047b008_81922099\" class=\"cmsmasters_row cmsmasters_color_scheme_default cmsmasters_row_top_default cmsmasters_row_bot_default cmsmasters_row_boxed\">\n<div class=\"cmsmasters_row_outer_parent\">\n<div class=\"cmsmasters_row_outer\">\n<div class=\"cmsmasters_row_inner\">\n<div class=\"cmsmasters_row_margin\">\n<div class=\"cmsmasters_column one_first\">\n\n<div id=\"cmsmasters_heading_69f3d88047bb38_98946799\" class=\"cmsmasters_heading_wrap cmsmasters_heading_align_center\">\n\t<h1 class=\"cmsmasters_heading\">Play anthem <\/h1>\n<\/div><div class=\"cmsmasters_audio\">\n<!--[if lt IE 9]><script>document.createElement('audio');<\/script><![endif]-->\n<audio class=\"wp-audio-shortcode\" id=\"audio-5855-1\" preload=\"none\" style=\"width: 100%;\" controls=\"controls\"><source type=\"audio\/mpeg\" src=\"http:\/\/santo-cristo.com\/wp-content\/uploads\/2021\/03\/santocristo2.mp3?_=1\" \/><a href=\"http:\/\/santo-cristo.com\/wp-content\/uploads\/2021\/03\/santocristo2.mp3\">http:\/\/santo-cristo.com\/wp-content\/uploads\/2021\/03\/santocristo2.mp3<\/a><\/audio><\/div>\n<\/div>\n<\/div>\n<\/div>\n<\/div>\n<\/div>\n<\/div>\n<div id=\"cmsmasters_row_69f3d88047cc76_56667304\" class=\"cmsmasters_row cmsmasters_color_scheme_default cmsmasters_row_top_default cmsmasters_row_bot_default cmsmasters_row_boxed\">\n<div class=\"cmsmasters_row_outer_parent\">\n<div class=\"cmsmasters_row_outer\">\n<div class=\"cmsmasters_row_inner\">\n<div class=\"cmsmasters_row_margin\">\n<div class=\"cmsmasters_column one_first\">\n\n<div id=\"cmsmasters_heading_69f3d88047db26_21767563\" class=\"cmsmasters_heading_wrap cmsmasters_heading_align_center\">\n\t<h2 class=\"cmsmasters_heading\">Anthem Lyrics<\/h2>\n<\/div><div class=\"cmsmasters_text\">\n<p style=\"text-align: center;\"><em>Gl\u00f3ria a Cristo Jesus, Gl\u00f3ria Eterna<br \/>\nNosso Rei, nossa firme esperan\u00e7a;<br \/>\nSoberano que os mundos governa<br \/>\nE as na\u00e7\u00f5es recebeu por heran\u00e7a.<\/em><\/p>\n<p style=\"text-align: center;\"><em>Com o manto e o ceptro irris\u00f3rio<br \/>\nSois de espinhos cru\u00e9is coroado.<br \/>\nRei de dor uma vez no Pret\u00f3rio<br \/>\nRei de amor para sempre adorado.<br \/>\n<\/em><br \/>\n(Refr\u00e3o)<br \/>\n<em>Concedei-nos por gra\u00e7a divina<br \/>\nQue sejamos um povo de eleitos,<br \/>\nFirmes crentes na Vossa doutrina<br \/>\nCumpridores dos Vossos preceitos.<\/em><\/p>\n<p style=\"text-align: center;\">Combatendo por Vossa bandeira<br \/>\nQue nos peitos trazemos erguida<br \/>\nAlcan\u00e7amos a paz verdadeira<br \/>\nE a vit\u00f3ria nas lutas da vida.<\/p>\n<p style=\"text-align: center;\"><em>S\u00f3 a V\u00f3s com inteira obedi\u00eancia<br \/>\nServiremos com firme vontade;<br \/>\nPorque em V\u00f3s h\u00e1 justi\u00e7a e clem\u00eancia<br \/>\nPorque em V\u00f3s resplandece a verdade.<\/em><\/p>\n<\/div>\n<div class=\"cmsmasters_text\">\n<p>The lyrics of the Senhor Santo Cristo dos Milagres anthem, sung every year during the festivities, were written by Jo\u00e3o Vieira Jer\u00f3nimo, then regent of the Church of Faj\u00e3 de Cima Chapel, on the island of S\u00e3o Miguel, and was dated to April 1970.<\/p>\n<\/div>\n<\/div>\n<\/div>\n<\/div>\n<\/div>\n<\/div>\n<\/div>\n\n","protected":false},"excerpt":{"rendered":"","protected":false},"author":1,"featured_media":0,"parent":0,"menu_order":0,"comment_status":"closed","ping_status":"closed","template":"","meta":[],"yoast_head":"<!-- This site is optimized with the Yoast SEO plugin v15.5 - https:\/\/yoast.com\/wordpress\/plugins\/seo\/ -->\n<title>Salutation - Irmandade do Senhor Santo Cristo<\/title>\n<meta name=\"robots\" content=\"index, follow, max-snippet:-1, max-image-preview:large, max-video-preview:-1\" \/>\n<link rel=\"canonical\" href=\"https:\/\/santo-cristo.com\/en\/saudacao\/\" \/>\n<meta property=\"og:locale\" content=\"en_US\" \/>\n<meta property=\"og:type\" content=\"article\" \/>\n<meta property=\"og:title\" content=\"Salutation - Irmandade do Senhor Santo Cristo\" \/>\n<meta property=\"og:url\" content=\"https:\/\/santo-cristo.com\/en\/saudacao\/\" \/>\n<meta property=\"og:site_name\" content=\"Irmandade do Senhor Santo Cristo\" \/>\n<meta property=\"article:modified_time\" content=\"2021-03-12T15:07:05+00:00\" \/>\n<meta name=\"twitter:card\" content=\"summary_large_image\" \/>\n<meta name=\"twitter:label1\" content=\"Est. reading time\">\n\t<meta name=\"twitter:data1\" content=\"3 minutes\">\n<script type=\"application\/ld+json\" class=\"yoast-schema-graph\">{\"@context\":\"https:\/\/schema.org\",\"@graph\":[{\"@type\":\"WebSite\",\"@id\":\"https:\/\/santo-cristo.com\/#website\",\"url\":\"https:\/\/santo-cristo.com\/\",\"name\":\"Irmandade do Senhor Santo Cristo\",\"description\":\"Grupo de fi\\u00e9is que venera o Senhor Santo Cristo dos Milagres. A\\u00e7ores, Ilha de S\\u00e3o Miguel.\",\"potentialAction\":[{\"@type\":\"SearchAction\",\"target\":\"https:\/\/santo-cristo.com\/?s={search_term_string}\",\"query-input\":\"required name=search_term_string\"}],\"inLanguage\":\"en-US\"},{\"@type\":\"WebPage\",\"@id\":\"https:\/\/santo-cristo.com\/en\/saudacao\/#webpage\",\"url\":\"https:\/\/santo-cristo.com\/en\/saudacao\/\",\"name\":\"Salutation - Irmandade do Senhor Santo Cristo\",\"isPartOf\":{\"@id\":\"https:\/\/santo-cristo.com\/#website\"},\"datePublished\":\"2021-01-12T16:23:47+00:00\",\"dateModified\":\"2021-03-12T15:07:05+00:00\",\"inLanguage\":\"en-US\",\"potentialAction\":[{\"@type\":\"ReadAction\",\"target\":[\"https:\/\/santo-cristo.com\/en\/saudacao\/\"]}]}]}<\/script>\n<!-- \/ Yoast SEO plugin. -->","_links":{"self":[{"href":"https:\/\/santo-cristo.com\/en\/wp-json\/wp\/v2\/pages\/5855"}],"collection":[{"href":"https:\/\/santo-cristo.com\/en\/wp-json\/wp\/v2\/pages"}],"about":[{"href":"https:\/\/santo-cristo.com\/en\/wp-json\/wp\/v2\/types\/page"}],"author":[{"embeddable":true,"href":"https:\/\/santo-cristo.com\/en\/wp-json\/wp\/v2\/users\/1"}],"replies":[{"embeddable":true,"href":"https:\/\/santo-cristo.com\/en\/wp-json\/wp\/v2\/comments?post=5855"}],"version-history":[{"count":2,"href":"https:\/\/santo-cristo.com\/en\/wp-json\/wp\/v2\/pages\/5855\/revisions"}],"predecessor-version":[{"id":5857,"href":"https:\/\/santo-cristo.com\/en\/wp-json\/wp\/v2\/pages\/5855\/revisions\/5857"}],"wp:attachment":[{"href":"https:\/\/santo-cristo.com\/en\/wp-json\/wp\/v2\/media?parent=5855"}],"curies":[{"name":"wp","href":"https:\/\/api.w.org\/{rel}","templated":true}]}}